{"id":107,"date":"2026-03-15T15:47:39","date_gmt":"2026-03-15T14:47:39","guid":{"rendered":"https:\/\/capestevasion.com\/index.php\/services\/"},"modified":"2026-04-15T18:12:17","modified_gmt":"2026-04-15T16:12:17","slug":"nos-formules","status":"publish","type":"page","link":"https:\/\/capestevasion.com\/nos-formules\/","title":{"rendered":"Nos formules"},"content":{"rendered":"<style>.kb-row-layout-id107_cb0fb8-42 > .kt-row-column-wrap{align-content:end;}:where(.kb-row-layout-id107_cb0fb8-42 > .kt-row-column-wrap) > .wp-block-kadence-column{justify-content:end;}.kb-row-layout-id107_cb0fb8-42 > .kt-row-column-wrap{column-gap:var(--global-kb-gap-md, 2rem);row-gap:var(--global-kb-gap-md, 2rem);max-width:var( --global-content-width, 1290px );padding-left:var(--global-content-edge-padding);padding-right:var(--global-content-edge-padding);padding-top:var(--global-kb-spacing-sm, 1.5rem);padding-bottom:var(--global-kb-spacing-5xl, 10rem);min-height:600px;grid-template-columns:minmax(0, 1fr);}.kb-row-layout-id107_cb0fb8-42{background-image:url('http:\/\/capestevasion.com\/wp-content\/uploads\/2026\/03\/WhatsApp-Image-2026-03-15-at-19.58.58.jpeg');background-size:cover;background-position:54% 36%;background-attachment:scroll;background-repeat:no-repeat;}.kb-row-layout-id107_cb0fb8-42 > .kt-row-layout-overlay{opacity:0.85;background-color:var(--global-palette3, #1A202C);mix-blend-mode:normal;}@media all and (max-width: 1024px){.kb-row-layout-id107_cb0fb8-42 > .kt-row-column-wrap{grid-template-columns:minmax(0, 1fr);}}@media all and (max-width: 767px){.kb-row-layout-id107_cb0fb8-42 > .kt-row-column-wrap{padding-top:var(--global-kb-spacing-xl, 4rem);padding-bottom:var(--global-kb-spacing-xl, 4rem);grid-template-columns:minmax(0, 1fr);}}<\/style><div class=\"kb-row-layout-wrap kb-row-layout-id107_cb0fb8-42 alignfull kt-row-has-bg wp-block-kadence-rowlayout\"><div class=\"kt-row-layout-overlay kt-row-overlay-normal\"><\/div><div class=\"kt-row-column-wrap kt-has-1-columns kt-row-layout-equal kt-tab-layout-inherit kt-mobile-layout-row kt-row-valign-bottom kb-theme-content-width\">\n<style>.kadence-column107_bd47a5-59 > .kt-inside-inner-col,.kadence-column107_bd47a5-59 > .kt-inside-inner-col:before{border-top-left-radius:0px;border-top-right-radius:0px;border-bottom-right-radius:0px;border-bottom-left-radius:0px;}.kadence-column107_bd47a5-59 > .kt-inside-inner-col{column-gap:var(--global-kb-gap-sm, 1rem);}.kadence-column107_bd47a5-59 > .kt-inside-inner-col{flex-direction:column;}.kadence-column107_bd47a5-59 > .kt-inside-inner-col > .aligncenter{width:100%;}.kadence-column107_bd47a5-59 > .kt-inside-inner-col:before{opacity:0.3;}.kadence-column107_bd47a5-59{position:relative;}@media all and (max-width: 1024px){.kadence-column107_bd47a5-59 > .kt-inside-inner-col{flex-direction:column;justify-content:center;}}@media all and (max-width: 767px){.kadence-column107_bd47a5-59 > .kt-inside-inner-col{flex-direction:column;justify-content:center;}}<\/style>\n<div class=\"wp-block-kadence-column kadence-column107_bd47a5-59 inner-column-1\"><div class=\"kt-inside-inner-col\"><style>.wp-block-kadence-advancedheading.kt-adv-heading107_99b7f2-ee, .wp-block-kadence-advancedheading.kt-adv-heading107_99b7f2-ee[data-kb-block=\"kb-adv-heading107_99b7f2-ee\"]{text-align:center;font-size:var(--global-kb-font-size-xl, 3rem);line-height:1.1;font-style:normal;}.wp-block-kadence-advancedheading.kt-adv-heading107_99b7f2-ee mark.kt-highlight, .wp-block-kadence-advancedheading.kt-adv-heading107_99b7f2-ee[data-kb-block=\"kb-adv-heading107_99b7f2-ee\"] mark.kt-highlight{font-style:normal;color:#f76a0c;-webkit-box-decoration-break:clone;box-decoration-break:clone;padding-top:0px;padding-right:0px;padding-bottom:0px;padding-left:0px;}.wp-block-kadence-advancedheading.kt-adv-heading107_99b7f2-ee img.kb-inline-image, .wp-block-kadence-advancedheading.kt-adv-heading107_99b7f2-ee[data-kb-block=\"kb-adv-heading107_99b7f2-ee\"] img.kb-inline-image{width:150px;vertical-align:baseline;}<\/style>\n<h1 class=\"kt-adv-heading107_99b7f2-ee wp-block-kadence-advancedheading has-theme-palette-1-color has-text-color\" data-kb-block=\"kb-adv-heading107_99b7f2-ee\"><strong>Nos formules<\/strong><\/h1>\n<\/div><\/div>\n\n<\/div><\/div>\n\n<style>.kadence-column107_d359e1-86 > .kt-inside-inner-col,.kadence-column107_d359e1-86 > .kt-inside-inner-col:before{border-top-left-radius:0px;border-top-right-radius:0px;border-bottom-right-radius:0px;border-bottom-left-radius:0px;}.kadence-column107_d359e1-86 > .kt-inside-inner-col{column-gap:var(--global-kb-gap-sm, 1rem);}.kadence-column107_d359e1-86 > .kt-inside-inner-col{flex-direction:column;}.kadence-column107_d359e1-86 > .kt-inside-inner-col > .aligncenter{width:100%;}.kadence-column107_d359e1-86 > .kt-inside-inner-col:before{opacity:0.3;}.kadence-column107_d359e1-86{position:relative;}@media all and (max-width: 1024px){.kadence-column107_d359e1-86 > .kt-inside-inner-col{flex-direction:column;justify-content:center;}}@media all and (max-width: 767px){.kadence-column107_d359e1-86 > .kt-inside-inner-col{flex-direction:column;justify-content:center;}}<\/style>\n<div class=\"wp-block-kadence-column kadence-column107_d359e1-86\"><div class=\"kt-inside-inner-col\">\n<hr class=\"wp-block-separator has-alpha-channel-opacity is-style-wide\" style=\"margin-top:var(--wp--preset--spacing--60);margin-bottom:var(--wp--preset--spacing--60)\"\/>\n<\/div><\/div>\n\n\n\n<div class=\"wp-block-media-text is-stacked-on-mobile is-image-fill-element\" style=\"padding-top:0;padding-bottom:0;grid-template-columns:62% auto\"><figure class=\"wp-block-media-text__media\"><img loading=\"lazy\" decoding=\"async\" width=\"1024\" height=\"768\" src=\"http:\/\/capestevasion.com\/wp-content\/uploads\/2026\/03\/WhatsApp-Image-2026-03-15-at-20.15.44-1024x768.jpeg\" alt=\"\" class=\"wp-image-160 size-full\" style=\"object-position:52% 84%\" srcset=\"https:\/\/capestevasion.com\/wp-content\/uploads\/2026\/03\/WhatsApp-Image-2026-03-15-at-20.15.44-1024x768.jpeg 1024w, https:\/\/capestevasion.com\/wp-content\/uploads\/2026\/03\/WhatsApp-Image-2026-03-15-at-20.15.44-300x225.jpeg 300w, https:\/\/capestevasion.com\/wp-content\/uploads\/2026\/03\/WhatsApp-Image-2026-03-15-at-20.15.44-768x576.jpeg 768w, https:\/\/capestevasion.com\/wp-content\/uploads\/2026\/03\/WhatsApp-Image-2026-03-15-at-20.15.44-1536x1152.jpeg 1536w, https:\/\/capestevasion.com\/wp-content\/uploads\/2026\/03\/WhatsApp-Image-2026-03-15-at-20.15.44.jpeg 1600w\" sizes=\"auto, (max-width: 1024px) 100vw, 1024px\" \/><\/figure><div class=\"wp-block-media-text__content\">\n<h5 class=\"wp-block-heading has--font-size\" style=\"line-height:1.5\"><strong><em>Formule<\/em><\/strong><\/h5>\n\n\n\n<p class=\"has-larger-font-size\" style=\"line-height:1\"><strong>\u00c9vasion Essentielle<\/strong><\/p>\n\n\n\n<p style=\"font-size:16px\">Nous recherchons pour vous les meilleures options de transport et d\u2019h\u00e9bergement, en parfaite ad\u00e9quation avec vos envies et votre budget.<\/p>\n\n\n\n<p style=\"font-size:16px\">\ud83d\udc49 Vous gagnez un temps pr\u00e9cieux et \u00e9vitez les longues heures de comparaison.<\/p>\n\n\n\n<p class=\"has-kb-palette-1-color has-text-color has-link-color has-small-font-size wp-elements-2a2c81dd4862106ec095e6cb51fa5ca6\"><strong>\u00c0 partir de 90\u20ac<\/strong><br><em>Honoraires ajust\u00e9s selon votre <\/em>voyage<\/p>\n<\/div><\/div>\n\n\n\n<hr class=\"wp-block-separator alignwide has-alpha-channel-opacity is-style-wide\" style=\"margin-top:var(--wp--preset--spacing--60);margin-bottom:var(--wp--preset--spacing--60)\"\/>\n\n\n\n<div class=\"wp-block-media-text has-media-on-the-right is-stacked-on-mobile is-image-fill-element\" style=\"grid-template-columns:auto 61%\"><div class=\"wp-block-media-text__content\">\n<h5 class=\"wp-block-heading\" style=\"line-height:1.5\"><strong><em>Formule<\/em><\/strong><\/h5>\n\n\n\n<p class=\"has-larger-font-size\" style=\"line-height:1\"><strong>\u00c9vasion Privil\u00e8ge<\/strong><\/p>\n\n\n\n<p style=\"font-size:16px\">En plus du transport et de l\u2019h\u00e9bergement, nous vous proposons une s\u00e9lection d\u2019activit\u00e9s, de restaurants et d\u2019exp\u00e9riences adapt\u00e9es \u00e0 votre destination.<\/p>\n\n\n\n<p style=\"font-size:16px\">\ud83d\udc49 Vous partez avec une vision claire de votre voyage, sans passer des heures \u00e0 chercher quoi faire.<\/p>\n\n\n\n<p class=\"has-kb-palette-1-color has-text-color has-link-color has-small-font-size wp-elements-ff9dc5a7f14289d9413d81bd847a867e\"><em><strong>\u00c0 partir de 140\u20ac<\/strong><br><em><em>Honoraires ajust\u00e9s selon votre <\/em>voyage<\/em><\/em><\/p>\n<\/div><figure class=\"wp-block-media-text__media\"><img loading=\"lazy\" decoding=\"async\" width=\"1024\" height=\"461\" src=\"http:\/\/capestevasion.com\/wp-content\/uploads\/2026\/03\/WhatsApp-Image-2026-03-22-at-18.17.58-1024x461.jpeg\" alt=\"\" class=\"wp-image-204 size-full\" style=\"object-position:50% 50%\" srcset=\"https:\/\/capestevasion.com\/wp-content\/uploads\/2026\/03\/WhatsApp-Image-2026-03-22-at-18.17.58-1024x461.jpeg 1024w, https:\/\/capestevasion.com\/wp-content\/uploads\/2026\/03\/WhatsApp-Image-2026-03-22-at-18.17.58-300x135.jpeg 300w, https:\/\/capestevasion.com\/wp-content\/uploads\/2026\/03\/WhatsApp-Image-2026-03-22-at-18.17.58-768x346.jpeg 768w, https:\/\/capestevasion.com\/wp-content\/uploads\/2026\/03\/WhatsApp-Image-2026-03-22-at-18.17.58-1536x691.jpeg 1536w, https:\/\/capestevasion.com\/wp-content\/uploads\/2026\/03\/WhatsApp-Image-2026-03-22-at-18.17.58.jpeg 1600w\" sizes=\"auto, (max-width: 1024px) 100vw, 1024px\" \/><\/figure><\/div>\n\n\n\n<hr class=\"wp-block-separator alignwide has-alpha-channel-opacity is-style-wide\" style=\"margin-top:var(--wp--preset--spacing--60);margin-bottom:var(--wp--preset--spacing--60)\"\/>\n\n\n\n<div class=\"wp-block-media-text is-stacked-on-mobile is-image-fill-element\" style=\"grid-template-columns:61% auto\"><figure class=\"wp-block-media-text__media\"><img loading=\"lazy\" decoding=\"async\" width=\"1024\" height=\"576\" src=\"http:\/\/capestevasion.com\/wp-content\/uploads\/2026\/03\/WhatsApp-Image-2026-03-15-at-19.52.32-e1773601467448-1024x576.jpeg\" alt=\"\" class=\"wp-image-141 size-full\" style=\"object-position:50% 50%\" srcset=\"https:\/\/capestevasion.com\/wp-content\/uploads\/2026\/03\/WhatsApp-Image-2026-03-15-at-19.52.32-e1773601467448-1024x576.jpeg 1024w, https:\/\/capestevasion.com\/wp-content\/uploads\/2026\/03\/WhatsApp-Image-2026-03-15-at-19.52.32-e1773601467448-300x169.jpeg 300w, https:\/\/capestevasion.com\/wp-content\/uploads\/2026\/03\/WhatsApp-Image-2026-03-15-at-19.52.32-e1773601467448-768x432.jpeg 768w, https:\/\/capestevasion.com\/wp-content\/uploads\/2026\/03\/WhatsApp-Image-2026-03-15-at-19.52.32-e1773601467448-1536x864.jpeg 1536w, https:\/\/capestevasion.com\/wp-content\/uploads\/2026\/03\/WhatsApp-Image-2026-03-15-at-19.52.32-e1773601467448.jpeg 1600w\" sizes=\"auto, (max-width: 1024px) 100vw, 1024px\" \/><\/figure><div class=\"wp-block-media-text__content\">\n<h5 class=\"wp-block-heading\" style=\"line-height:1.5\"><strong><em>Formule<\/em><\/strong><\/h5>\n\n\n\n<p class=\"has-larger-font-size\" style=\"line-height:1\"><strong>\u00c9vasion Signature<\/strong><\/p>\n\n\n\n<p>Nous concevons et organisons votre voyage dans les moindres d\u00e9tails : itin\u00e9raire, restaurants, activit\u00e9s\u2026 Chaque journ\u00e9e est soigneusement planifi\u00e9e<\/p>\n\n\n\n<p>\ud83d\udc49 Vous profitez pleinement de votre s\u00e9jour, sans vous soucier de l\u2019organisation.<\/p>\n\n\n\n<p class=\"has-kb-palette-1-color has-text-color has-link-color has-small-font-size wp-elements-666a0c46317a23d8429b727eea6c019d\"><em><em><strong>\u00c0 partir de 220\u20ac<\/strong><br><em><em><em><em>Honoraires ajust\u00e9s selon votre <\/em>voyage<\/em><\/em><\/em><\/em><\/em><\/p>\n<\/div><\/div>\n\n\n\n<hr class=\"wp-block-separator alignwide has-alpha-channel-opacity is-style-wide\" style=\"margin-top:var(--wp--preset--spacing--60);margin-bottom:var(--wp--preset--spacing--60)\"\/>\n\n\n\n<div class=\"wp-block-media-text has-media-on-the-right is-stacked-on-mobile is-image-fill-element\" style=\"grid-template-columns:auto 61%\"><div class=\"wp-block-media-text__content\">\n<h5 class=\"wp-block-heading\" style=\"line-height:1.5\"><strong><em>Formule<\/em><\/strong><\/h5>\n\n\n\n<p class=\"has-larger-font-size\" style=\"line-height:1\"><strong>Road Trip<\/strong><\/p>\n\n\n\n<p>Nous construisons votre itin\u00e9raire sur mesure, \u00e9tape par \u00e9tape, avec les meilleurs arr\u00eats, logements et exp\u00e9riences.<\/p>\n\n\n\n<p>\ud83d\udc49 Vous vivez un road trip fluide et inoubliable, sans vous soucier des d\u00e9tails.<\/p>\n\n\n\n<p class=\"has-kb-palette-1-color has-text-color has-link-color has-small-font-size wp-elements-c74e9445f853715d55c9df435f849e25\"><em><em><strong>\u00c0 partir de 350\u20ac<\/strong><br><em>Honoraires ajust\u00e9s selon l\u2019itin\u00e9raire et le niveau de personnalisation<\/em><\/em><\/em><\/p>\n<\/div><figure class=\"wp-block-media-text__media\"><img loading=\"lazy\" decoding=\"async\" width=\"1024\" height=\"683\" src=\"http:\/\/capestevasion.com\/wp-content\/uploads\/2026\/03\/pexels-alleksana-4264322-1024x683.jpg\" alt=\"\" class=\"wp-image-198 size-full\" style=\"object-position:57% 78%\" srcset=\"https:\/\/capestevasion.com\/wp-content\/uploads\/2026\/03\/pexels-alleksana-4264322-1024x683.jpg 1024w, https:\/\/capestevasion.com\/wp-content\/uploads\/2026\/03\/pexels-alleksana-4264322-300x200.jpg 300w, https:\/\/capestevasion.com\/wp-content\/uploads\/2026\/03\/pexels-alleksana-4264322-768x512.jpg 768w, https:\/\/capestevasion.com\/wp-content\/uploads\/2026\/03\/pexels-alleksana-4264322-1536x1024.jpg 1536w, https:\/\/capestevasion.com\/wp-content\/uploads\/2026\/03\/pexels-alleksana-4264322-2048x1365.jpg 2048w\" sizes=\"auto, (max-width: 1024px) 100vw, 1024px\" \/><\/figure><\/div>\n\n\n\n<hr class=\"wp-block-separator alignwide has-alpha-channel-opacity is-style-wide\" style=\"margin-top:var(--wp--preset--spacing--60);margin-bottom:var(--wp--preset--spacing--60)\"\/>\n\n\n\n<div class=\"wp-block-media-text is-stacked-on-mobile is-image-fill-element\" style=\"grid-template-columns:61% auto\"><figure class=\"wp-block-media-text__media\"><img loading=\"lazy\" decoding=\"async\" width=\"1024\" height=\"682\" src=\"https:\/\/capestevasion.com\/wp-content\/uploads\/2026\/03\/pexels-asadphoto-5785064-1024x682.jpg\" alt=\"\" class=\"wp-image-199 size-full\" style=\"object-position:65% 68%\" srcset=\"https:\/\/capestevasion.com\/wp-content\/uploads\/2026\/03\/pexels-asadphoto-5785064-1024x682.jpg 1024w, https:\/\/capestevasion.com\/wp-content\/uploads\/2026\/03\/pexels-asadphoto-5785064-300x200.jpg 300w, https:\/\/capestevasion.com\/wp-content\/uploads\/2026\/03\/pexels-asadphoto-5785064-768x512.jpg 768w, https:\/\/capestevasion.com\/wp-content\/uploads\/2026\/03\/pexels-asadphoto-5785064-1536x1023.jpg 1536w, https:\/\/capestevasion.com\/wp-content\/uploads\/2026\/03\/pexels-asadphoto-5785064-2048x1364.jpg 2048w\" sizes=\"auto, (max-width: 1024px) 100vw, 1024px\" \/><\/figure><div class=\"wp-block-media-text__content\">\n<h5 class=\"wp-block-heading\" style=\"line-height:1.5\"><strong><em>Formule<\/em><\/strong><\/h5>\n\n\n\n<p class=\"has-larger-font-size\" style=\"line-height:1\"><strong>Voyage de noces<\/strong><\/p>\n\n\n\n<p>Nous imaginons un voyage de noces enti\u00e8rement personnalis\u00e9 pour vous cr\u00e9er des souvenirs inoubliables. Chaque d\u00e9tail est pens\u00e9 pour sublimer ce moment de vie.<\/p>\n\n\n\n<p>\ud83d\udc49 Un moment hors du temps, o\u00f9 vous n\u2019avez plus qu\u2019\u00e0 vous laisser porter et profiter l\u2019un de l\u2019autre.<\/p>\n\n\n\n<p class=\"has-kb-palette-1-color has-text-color has-link-color has-small-font-size wp-elements-8ee22d6294cd478339402f25df708807\"><em><em><strong>\u00c0 partir de 350\u20ac<\/strong><br><em><em>Honoraires ajust\u00e9s selon votre <\/em>voyage<\/em><\/em><\/em><\/p>\n<\/div><\/div>\n\n\n\n<hr class=\"wp-block-separator alignwide has-alpha-channel-opacity is-style-wide\" style=\"margin-top:var(--wp--preset--spacing--60);margin-bottom:var(--wp--preset--spacing--60)\"\/>\n\n\n\n<div class=\"wp-block-media-text has-media-on-the-right is-stacked-on-mobile is-image-fill-element\" style=\"grid-template-columns:auto 61%\"><div class=\"wp-block-media-text__content\">\n<h5 class=\"wp-block-heading\" style=\"line-height:1.5\"><strong><em>Formule<\/em><\/strong><\/h5>\n\n\n\n<p class=\"has-larger-font-size\" style=\"line-height:1\"><strong>EVJF &#8211; EVG<\/strong><\/p>\n\n\n\n<p>Organiser un EVJF ou un EVG peut vite devenir un vrai casse-t\u00eate : coordonner le groupe, trouver le logement le plus adapt\u00e9, les meilleures activit\u00e9s&#8230;<br>Nous prenons le relais pour cr\u00e9er un s\u00e9jour sur mesure, fluide et parfaitement orchestr\u00e9.<\/p>\n\n\n\n<p>\ud83d\udc49 Z\u00e9ro stress pour vous, de futurs mari\u00e9s combl\u00e9s et un moment inoubliable \u00e0 partager.<\/p>\n\n\n\n<p class=\"has-kb-palette-1-color has-text-color has-link-color has-small-font-size wp-elements-ac4daabe63eb0b657df20e0be0e971b8\"><em><em><strong>\u00c0 partir de 250\u20ac<\/strong><br><em>Honoraires ajust\u00e9s selon le nombre de participants et la complexit\u00e9 du projet<\/em><\/em><\/em><\/p>\n<\/div><figure class=\"wp-block-media-text__media\"><img loading=\"lazy\" decoding=\"async\" width=\"1024\" height=\"852\" src=\"http:\/\/capestevasion.com\/wp-content\/uploads\/2026\/03\/pexels-yuliia-auer-3541449-5303407-1024x852.jpg\" alt=\"\" class=\"wp-image-200 size-full\" style=\"object-position:50% 50%\" srcset=\"https:\/\/capestevasion.com\/wp-content\/uploads\/2026\/03\/pexels-yuliia-auer-3541449-5303407-1024x852.jpg 1024w, https:\/\/capestevasion.com\/wp-content\/uploads\/2026\/03\/pexels-yuliia-auer-3541449-5303407-300x250.jpg 300w, https:\/\/capestevasion.com\/wp-content\/uploads\/2026\/03\/pexels-yuliia-auer-3541449-5303407-768x639.jpg 768w, https:\/\/capestevasion.com\/wp-content\/uploads\/2026\/03\/pexels-yuliia-auer-3541449-5303407-1536x1278.jpg 1536w, https:\/\/capestevasion.com\/wp-content\/uploads\/2026\/03\/pexels-yuliia-auer-3541449-5303407-2048x1703.jpg 2048w\" sizes=\"auto, (max-width: 1024px) 100vw, 1024px\" \/><\/figure><\/div>\n\n\n\n<p><\/p>\n\n\n<style>.kb-row-layout-id107_d2f875-59 > .kt-row-column-wrap{align-content:start;}:where(.kb-row-layout-id107_d2f875-59 > .kt-row-column-wrap) > .wp-block-kadence-column{justify-content:start;}.kb-row-layout-id107_d2f875-59 > .kt-row-column-wrap{column-gap:var(--global-kb-gap-md, 2rem);row-gap:var(--global-kb-gap-md, 2rem);max-width:var( --global-content-width, 1290px );padding-left:var(--global-content-edge-padding);padding-right:var(--global-content-edge-padding);padding-top:var(--global-kb-spacing-3xl, 6.5rem);padding-bottom:var(--global-kb-spacing-3xl, 6.5rem);grid-template-columns:minmax(0, 1fr);}.kb-row-layout-id107_d2f875-59{background-image:url('http:\/\/capestevasion.com\/wp-content\/uploads\/2026\/03\/vibrant-street-scene-in-diyarbakir-turkiye-showcasing.jpeg');background-size:cover;background-position:center center;background-attachment:fixed;background-repeat:no-repeat;}.kb-row-layout-id107_d2f875-59 > .kt-row-layout-overlay{opacity:0.81;background-color:var(--global-palette4, #2D3748);mix-blend-mode:normal;}@media all and (max-width: 1024px), only screen and (min-device-width: 1024px) and (max-device-width: 1366px) and (-webkit-min-device-pixel-ratio: 2) and (hover: none){.kb-row-layout-id107_d2f875-59{background-attachment:scroll;}}@media all and (max-width: 1024px){.kb-row-layout-id107_d2f875-59 > .kt-row-column-wrap{grid-template-columns:minmax(0, 1fr);}}@media all and (max-width: 767px){.kb-row-layout-id107_d2f875-59 > .kt-row-column-wrap{grid-template-columns:minmax(0, 1fr);}}<\/style><div class=\"kb-row-layout-wrap kb-row-layout-id107_d2f875-59 alignfull kt-row-has-bg kt-jarallax wp-block-kadence-rowlayout\" data-img-position=\"center center\" data-img-size=\"cover\"><div class=\"kt-row-layout-overlay kt-row-overlay-normal\"><\/div><div class=\"kt-row-column-wrap kt-has-1-columns kt-row-layout-equal kt-tab-layout-inherit kt-mobile-layout-row kt-row-valign-top kb-theme-content-width\">\n<style>.kadence-column107_8626bb-be > .kt-inside-inner-col,.kadence-column107_8626bb-be > .kt-inside-inner-col:before{border-top-left-radius:0px;border-top-right-radius:0px;border-bottom-right-radius:0px;border-bottom-left-radius:0px;}.kadence-column107_8626bb-be > .kt-inside-inner-col{column-gap:var(--global-kb-gap-sm, 1rem);}.kadence-column107_8626bb-be > .kt-inside-inner-col{flex-direction:column;}.kadence-column107_8626bb-be > .kt-inside-inner-col > .aligncenter{width:100%;}.kadence-column107_8626bb-be > .kt-inside-inner-col:before{opacity:0.3;}.kadence-column107_8626bb-be{position:relative;}@media all and (max-width: 1024px){.kadence-column107_8626bb-be > .kt-inside-inner-col{flex-direction:column;justify-content:center;}}@media all and (max-width: 767px){.kadence-column107_8626bb-be > .kt-inside-inner-col{flex-direction:column;justify-content:center;}}<\/style>\n<div class=\"wp-block-kadence-column kadence-column107_8626bb-be inner-column-1\"><div class=\"kt-inside-inner-col\"><style>.wp-block-kadence-advancedheading.kt-adv-heading107_db14c9-82, .wp-block-kadence-advancedheading.kt-adv-heading107_db14c9-82[data-kb-block=\"kb-adv-heading107_db14c9-82\"]{max-width:800px;margin-right:auto;margin-left:auto;margin-top:var(--global-kb-spacing-xxs, 0.5rem);text-align:center;font-size:var(--global-kb-font-size-lg, 2rem);line-height:1.2;font-style:normal;}.wp-block-kadence-advancedheading.kt-adv-heading107_db14c9-82 mark.kt-highlight, .wp-block-kadence-advancedheading.kt-adv-heading107_db14c9-82[data-kb-block=\"kb-adv-heading107_db14c9-82\"] mark.kt-highlight{font-style:normal;color:#f76a0c;-webkit-box-decoration-break:clone;box-decoration-break:clone;padding-top:0px;padding-right:0px;padding-bottom:0px;padding-left:0px;}.wp-block-kadence-advancedheading.kt-adv-heading107_db14c9-82 img.kb-inline-image, .wp-block-kadence-advancedheading.kt-adv-heading107_db14c9-82[data-kb-block=\"kb-adv-heading107_db14c9-82\"] img.kb-inline-image{width:150px;vertical-align:baseline;}@media all and (max-width: 767px){.wp-block-kadence-advancedheading.kt-adv-heading107_db14c9-82, .wp-block-kadence-advancedheading.kt-adv-heading107_db14c9-82[data-kb-block=\"kb-adv-heading107_db14c9-82\"]{font-size:36px;}}<\/style>\n<h2 class=\"kt-adv-heading107_db14c9-82 wp-block-kadence-advancedheading has-theme-palette-9-color has-text-color\" data-kb-block=\"kb-adv-heading107_db14c9-82\"><strong>Vous ne savez pas quelle formule choisir ?<\/strong><\/h2>\n\n\n<style>.wp-block-kadence-advancedheading.kt-adv-heading107_4f04f9-02, .wp-block-kadence-advancedheading.kt-adv-heading107_4f04f9-02[data-kb-block=\"kb-adv-heading107_4f04f9-02\"]{max-width:600px;margin-right:auto;margin-left:auto;text-align:center;font-style:normal;}.wp-block-kadence-advancedheading.kt-adv-heading107_4f04f9-02 mark.kt-highlight, .wp-block-kadence-advancedheading.kt-adv-heading107_4f04f9-02[data-kb-block=\"kb-adv-heading107_4f04f9-02\"] mark.kt-highlight{font-style:normal;color:#f76a0c;-webkit-box-decoration-break:clone;box-decoration-break:clone;padding-top:0px;padding-right:0px;padding-bottom:0px;padding-left:0px;}.wp-block-kadence-advancedheading.kt-adv-heading107_4f04f9-02 img.kb-inline-image, .wp-block-kadence-advancedheading.kt-adv-heading107_4f04f9-02[data-kb-block=\"kb-adv-heading107_4f04f9-02\"] img.kb-inline-image{width:150px;vertical-align:baseline;}<\/style>\n<p class=\"kt-adv-heading107_4f04f9-02 wp-block-kadence-advancedheading has-theme-palette-8-color has-text-color\" data-kb-block=\"kb-adv-heading107_4f04f9-02\">Nous vous guidons \u00e0 chaque \u00e9tape, en prenant en compte votre projet, votre budget et vos envies, pour vous proposer une approche parfaitement adapt\u00e9e \u00e0 votre mani\u00e8re de voyager.<\/p>\n<\/div><\/div>\n\n\n<style>.kadence-column107_03bd48-4d > .kt-inside-inner-col,.kadence-column107_03bd48-4d > .kt-inside-inner-col:before{border-top-left-radius:0px;border-top-right-radius:0px;border-bottom-right-radius:0px;border-bottom-left-radius:0px;}.kadence-column107_03bd48-4d > .kt-inside-inner-col{column-gap:var(--global-kb-gap-sm, 1rem);}.kadence-column107_03bd48-4d > .kt-inside-inner-col{flex-direction:column;}.kadence-column107_03bd48-4d > .kt-inside-inner-col > .aligncenter{width:100%;}.kadence-column107_03bd48-4d > .kt-inside-inner-col:before{opacity:0.3;}.kadence-column107_03bd48-4d{position:relative;}@media all and (max-width: 1024px){.kadence-column107_03bd48-4d > .kt-inside-inner-col{flex-direction:column;justify-content:center;}}@media all and (max-width: 767px){.kadence-column107_03bd48-4d > .kt-inside-inner-col{flex-direction:column;justify-content:center;}}<\/style>\n<div class=\"wp-block-kadence-column kadence-column107_03bd48-4d\"><div class=\"kt-inside-inner-col\">\n<div class=\"wp-block-buttons is-content-justification-center is-layout-flex wp-container-core-buttons-is-layout-16018d1d wp-block-buttons-is-layout-flex\">\n<div class=\"wp-block-button\"><a class=\"wp-block-button__link wp-element-button\" href=\"https:\/\/capestevasion.com\/contact\/\">Un premier \u00e9change est offert, sans engagement.<\/a><\/div>\n<\/div>\n<\/div><\/div>\n\n<\/div><\/div>\n\n\n<p><\/p>\n","protected":false},"excerpt":{"rendered":"<p>Nos formules Formule \u00c9vasion Essentielle Nous recherchons pour vous les meilleures options de transport et d\u2019h\u00e9bergement, en parfaite ad\u00e9quation avec vos envies et votre budget. \ud83d\udc49 Vous gagnez un temps pr\u00e9cieux et \u00e9vitez les longues heures de comparaison. \u00c0 partir de 90\u20acHonoraires ajust\u00e9s selon votre voyage Formule \u00c9vasion Privil\u00e8ge En plus du transport et de&#8230;<\/p>\n","protected":false},"author":1,"featured_media":0,"parent":0,"menu_order":0,"comment_status":"closed","ping_status":"closed","template":"","meta":{"_kadence_starter_templates_imported_post":true,"_kad_post_transparent":"","_kad_post_title":"hide","_kad_post_layout":"fullwidth","_kad_post_sidebar_id":"","_kad_post_content_style":"unboxed","_kad_post_vertical_padding":"hide","_kad_post_feature":"hide","_kad_post_feature_position":"","_kad_post_header":false,"_kad_post_footer":false,"_kad_post_classname":"","footnotes":""},"class_list":["post-107","page","type-page","status-publish","hentry"],"_links":{"self":[{"href":"https:\/\/capestevasion.com\/wp-json\/wp\/v2\/pages\/107","targetHints":{"allow":["GET"]}}],"collection":[{"href":"https:\/\/capestevasion.com\/wp-json\/wp\/v2\/pages"}],"about":[{"href":"https:\/\/capestevasion.com\/wp-json\/wp\/v2\/types\/page"}],"author":[{"embeddable":true,"href":"https:\/\/capestevasion.com\/wp-json\/wp\/v2\/users\/1"}],"replies":[{"embeddable":true,"href":"https:\/\/capestevasion.com\/wp-json\/wp\/v2\/comments?post=107"}],"version-history":[{"count":23,"href":"https:\/\/capestevasion.com\/wp-json\/wp\/v2\/pages\/107\/revisions"}],"predecessor-version":[{"id":348,"href":"https:\/\/capestevasion.com\/wp-json\/wp\/v2\/pages\/107\/revisions\/348"}],"wp:attachment":[{"href":"https:\/\/capestevasion.com\/wp-json\/wp\/v2\/media?parent=107"}],"curies":[{"name":"wp","href":"https:\/\/api.w.org\/{rel}","templated":true}]}}